{"id":12,"date":"2016-04-03T17:20:10","date_gmt":"2016-04-03T15:20:10","guid":{"rendered":"http:\/\/wordpress.teleart.com.pl\/?page_id=12"},"modified":"2016-04-28T22:17:55","modified_gmt":"2016-04-28T20:17:55","slug":"uslugi","status":"publish","type":"page","link":"https:\/\/teleartnet.com.pl\/?page_id=12","title":{"rendered":"Us\u0142ugi"},"content":{"rendered":"<p>Realizujemy i oferujemy realizacj\u0119 projekt\u00f3w w zakresie:<\/p>\n<ul>\n<li>Przygotowania koncepcji inwestycji, sprawdzenia mo\u017cliwo\u015bci realizacji oraz sporz\u0105dzenia pe\u0142nej dokumentacji projektowo-kosztorysowej<\/li>\n<li>Dokonania wszelkich uzgodnie\u0144 i pozyskania niezb\u0119dnych decyzji do realizacji inwestycji<\/li>\n<\/ul>\n<p>Wykonujemy projekty:<\/p>\n<ul>\n<li>budowlano wykonawcze kanalizacji teletechnicznych \/ ruroci\u0105g\u00f3w \/ mikrokanalizacji<\/li>\n<li>wykonawcze kabli miedzianych i \u015bwiat\u0142owodowych r\u00f3wnie\u017c w dzier\u017cawionej kanalizacji teletechnicznej<\/li>\n<li>wykonawcze linii napowietrznych<\/li>\n<li>instalacji abonenckich<\/li>\n<li>sieci komputerowych<\/li>\n<li>instalacji dozoru technicznego<\/li>\n<\/ul>\n<p>Do realizowanych projekt\u00f3w mo\u017cemy na \u017cyczenie Inwestora sporz\u0105dzi\u0107 niezb\u0119dne kosztorysy i wyceny.<\/p>\n","protected":false},"excerpt":{"rendered":"<p>Realizujemy i oferujemy realizacj\u0119 projekt\u00f3w w zakresie: Przygotowania koncepcji inwestycji, sprawdzenia mo\u017cliwo\u015bci realizacji oraz sporz\u0105dzenia pe\u0142nej dokumentacji projektowo-kosztorysowej Dokonania wszelkich uzgodnie\u0144 i pozyskania niezb\u0119dnych decyzji do realizacji inwestycji Wykonujemy projekty: budowlano wykonawcze kanalizacji teletechnicznych \/ ruroci\u0105g\u00f3w \/ mikrokanalizacji wykonawcze kabli miedzianych i \u015bwiat\u0142owodowych r\u00f3wnie\u017c w dzier\u017cawionej kanalizacji teletechnicznej wykonawcze linii napowietrznych instalacji abonenckich sieci komputerowych [&hellip;]<\/p>\n","protected":false},"author":101011,"featured_media":0,"parent":0,"menu_order":0,"comment_status":"closed","ping_status":"closed","template":"","meta":{"two_page_speed":[],"footnotes":""},"class_list":["post-12","page","type-page","status-publish","hentry"],"_links":{"self":[{"href":"https:\/\/teleartnet.com.pl\/index.php?rest_route=\/wp\/v2\/pages\/12","targetHints":{"allow":["GET"]}}],"collection":[{"href":"https:\/\/teleartnet.com.pl\/index.php?rest_route=\/wp\/v2\/pages"}],"about":[{"href":"https:\/\/teleartnet.com.pl\/index.php?rest_route=\/wp\/v2\/types\/page"}],"author":[{"embeddable":true,"href":"https:\/\/teleartnet.com.pl\/index.php?rest_route=\/wp\/v2\/users\/101011"}],"replies":[{"embeddable":true,"href":"https:\/\/teleartnet.com.pl\/index.php?rest_route=%2Fwp%2Fv2%2Fcomments&post=12"}],"version-history":[{"count":5,"href":"https:\/\/teleartnet.com.pl\/index.php?rest_route=\/wp\/v2\/pages\/12\/revisions"}],"predecessor-version":[{"id":212,"href":"https:\/\/teleartnet.com.pl\/index.php?rest_route=\/wp\/v2\/pages\/12\/revisions\/212"}],"wp:attachment":[{"href":"https:\/\/teleartnet.com.pl\/index.php?rest_route=%2Fwp%2Fv2%2Fmedia&parent=12"}],"curies":[{"name":"wp","href":"https:\/\/api.w.org\/{rel}","templated":true}]}}