{"id":2,"date":"2015-10-21T19:24:35","date_gmt":"2015-10-21T19:24:35","guid":{"rendered":"http:\/\/wordpress.teleart.com.pl\/?page_id=2"},"modified":"2016-04-13T01:47:50","modified_gmt":"2016-04-12T23:47:50","slug":"przykladowa-strona","status":"publish","type":"page","link":"https:\/\/teleartnet.com.pl\/","title":{"rendered":"O nas"},"content":{"rendered":"<p>Firm\u0119 TeleArtNet tworz\u0105 ludzie od lat zwi\u0105zani z bran\u017c\u0105 telekomunikacyjn\u0105, posiadaj\u0105cy wieloletnie do\u015bwiadczenie przy realizacji projekt\u00f3w z bran\u017cy telekomunikacyjnej i teleinformatycznej, nierzadko rozpoczynaj\u0105cy swoj\u0105 karier\u0119 od prostych stanowisk robotniczych, a z biegiem czasu, zdobywanego do\u015bwiadczenia, wykszta\u0142cenia i uprawnie\u0144 tworz\u0105cy kadr\u0119 techniczn\u0105 firmy TeleArtNet.<\/p>\n<p>&nbsp;<\/p>\n<p>\u015awiadczymy us\u0142ugi w bran\u017cy telekomunikacyjnej w zakresie realizacji projekt\u00f3w budowlanych i wykonawczych, budowie sieci szerokopasmowych, sieci FTTx, sieci i linii optotelekomunikacyjnych, kabli miedzianych, okablowania strukturalnego, system\u00f3w zabezpiecze\u0144 technicznych.<\/p>\n<p>&nbsp;<\/p>\n<p>Nasze kompetencje pozwalaj\u0105 tak\u017ce na realizacje us\u0142ug w zakresie nadzoru, serwisu i utrzymania sieci telekomunikacyjnych.<\/p>\n<p>&nbsp;<\/p>\n<p>Do realizacji projekt\u00f3w podchodzimy z pe\u0142nym zaanga\u017cowaniem, a Naszym priorytetem jest zadowolenie Naszych Kontrahent\u00f3w ze wsp\u00f3\u0142pracy i efekt\u00f3w realizowanych wsp\u00f3lnie projekt\u00f3w.<\/p>\n","protected":false},"excerpt":{"rendered":"<p>Firm\u0119 TeleArtNet tworz\u0105 ludzie od lat zwi\u0105zani z bran\u017c\u0105 telekomunikacyjn\u0105, posiadaj\u0105cy wieloletnie do\u015bwiadczenie przy realizacji projekt\u00f3w z bran\u017cy telekomunikacyjnej i teleinformatycznej, nierzadko rozpoczynaj\u0105cy swoj\u0105 karier\u0119 od prostych stanowisk robotniczych, a z biegiem czasu, zdobywanego do\u015bwiadczenia, wykszta\u0142cenia i uprawnie\u0144 tworz\u0105cy kadr\u0119 techniczn\u0105 firmy TeleArtNet. &nbsp; \u015awiadczymy us\u0142ugi w bran\u017cy telekomunikacyjnej w zakresie realizacji projekt\u00f3w budowlanych i [&hellip;]<\/p>\n","protected":false},"author":101011,"featured_media":0,"parent":0,"menu_order":0,"comment_status":"open","ping_status":"open","template":"","meta":{"two_page_speed":[],"footnotes":""},"class_list":["post-2","page","type-page","status-publish","hentry"],"_links":{"self":[{"href":"https:\/\/teleartnet.com.pl\/index.php?rest_route=\/wp\/v2\/pages\/2","targetHints":{"allow":["GET"]}}],"collection":[{"href":"https:\/\/teleartnet.com.pl\/index.php?rest_route=\/wp\/v2\/pages"}],"about":[{"href":"https:\/\/teleartnet.com.pl\/index.php?rest_route=\/wp\/v2\/types\/page"}],"author":[{"embeddable":true,"href":"https:\/\/teleartnet.com.pl\/index.php?rest_route=\/wp\/v2\/users\/101011"}],"replies":[{"embeddable":true,"href":"https:\/\/teleartnet.com.pl\/index.php?rest_route=%2Fwp%2Fv2%2Fcomments&post=2"}],"version-history":[{"count":4,"href":"https:\/\/teleartnet.com.pl\/index.php?rest_route=\/wp\/v2\/pages\/2\/revisions"}],"predecessor-version":[{"id":201,"href":"https:\/\/teleartnet.com.pl\/index.php?rest_route=\/wp\/v2\/pages\/2\/revisions\/201"}],"wp:attachment":[{"href":"https:\/\/teleartnet.com.pl\/index.php?rest_route=%2Fwp%2Fv2%2Fmedia&parent=2"}],"curies":[{"name":"wp","href":"https:\/\/api.w.org\/{rel}","templated":true}]}}